{"id":3139,"date":"2024-02-05T14:07:13","date_gmt":"2024-02-05T13:07:13","guid":{"rendered":"https:\/\/silvitranslation.com\/?page_id=3139"},"modified":"2024-07-01T03:50:26","modified_gmt":"2024-07-01T02:50:26","slug":"aviso-legal","status":"publish","type":"page","link":"https:\/\/silvitranslation.com\/de\/aviso-legal\/","title":{"rendered":"Rechtlicher Hinweis"},"content":{"rendered":"<div data-elementor-type=\"wp-page\" data-elementor-id=\"3139\" class=\"elementor elementor-3139\">\n\t\t\t\t\t\t<section class=\"elementor-section elementor-top-section elementor-element elementor-element-6fd7e0ea elementor-section-boxed elementor-section-height-default elementor-section-height-default\" data-id=\"6fd7e0ea\" data-element_type=\"section\" data-e-type=\"section\">\n\t\t\t\t\t\t<div class=\"elementor-container elementor-column-gap-default\">\n\t\t\t\t\t<div class=\"elementor-column elementor-col-100 elementor-top-column elementor-element elementor-element-48fb8dcd\" data-id=\"48fb8dcd\" data-element_type=\"column\" data-e-type=\"column\">\n\t\t\t<div class=\"elementor-widget-wrap elementor-element-populated\">\n\t\t\t\t\t\t<div class=\"elementor-element elementor-element-3725b41b elementor-widget elementor-widget-text-editor\" data-id=\"3725b41b\" data-element_type=\"widget\" data-e-type=\"widget\" data-widget_type=\"text-editor.default\">\n\t\t\t\t<div class=\"elementor-widget-container\">\n\t\t\t\t\t\t\t\t\t<p><a href=\"https:\/\/silvitranslation.com\/de\/\">silvitranslation.com<\/a>, ist eine Internet-Domain im Besitz von SILVITRANSLATION,<br \/>C.I.F: X6582511A Telefon: (+34) 669 193 373 und E-Mail: silvitranslationweb@gmail.com<\/p><p><strong>ALLGEMEINE NUTZUNGSBEDINGUNGEN F\u00dcR DAS PORTAL www.silvitranslation.com<\/strong><\/p><p>SILVITRANSLATION informiert Sie dar\u00fcber, dass der Zugang und die Nutzung der Website www.silvitranslation.com und aller darin enthaltenen Subdomains und Verzeichnisse (im Folgenden zusammenfassend als Portal bezeichnet) sowie die Dienstleistungen oder Inhalte, die \u00fcber sie bezogen werden k\u00f6nnen, den in diesem rechtlichen Hinweis aufgef\u00fchrten Bedingungen unterliegen, unbeschadet der Tatsache, dass der Zugang zu einer dieser Dienstleistungen oder einem dieser Inhalte die Annahme zus\u00e4tzlicher allgemeiner Bedingungen erfordern kann.<\/p><p>Der Zugang und das Surfen des Benutzers und\/oder die Nutzung der Dienstleistungen und Inhalte des Portals setzen die Annahme dieser Allgemeinen Bedingungen voraus, und der Benutzer ist allein f\u00fcr den Zugang zur Domain und die Nutzung der Dienstleistungen und Inhalte verantwortlich.<\/p><p><strong>RECHTE AN GEISTIGEM UND GEWERBLICHEM EIGENTUM<\/strong><\/p><p>SILVITRANSLATION ist Eigent\u00fcmerin des Designs des Portals, der Codes, der Marken und anderer Unterscheidungsmerkmale, die auf dem Portal erscheinen, sowie seines Inhalts und ist durch die entsprechenden Rechte des geistigen und gewerblichen Eigentums gesch\u00fctzt. Die unerlaubte Vervielf\u00e4ltigung, Verbreitung, Kommerzialisierung oder \u00c4nderung aller dieser Elemente stellt eine Verletzung der Rechte des geistigen Eigentums dar, es sei denn, SILVITRANSLATION hat dies ausdr\u00fccklich schriftlich genehmigt. Der Zugang und das Surfen des Benutzers bedeutet keinesfalls einen Verzicht, eine \u00dcbertragung, eine Lizenz oder eine vollst\u00e4ndige oder teilweise Abtretung der\ngenannten Rechte.<br \/>dichos derechos.<\/p><p><strong>LINKS ODER HYPERLINKS<\/strong><\/p><p>Auf dem Portal www.silvitranslation.com kann SILVITRANSLATION den Zugang zu anderen Webseiten erm\u00f6glichen, um dem Nutzer die Suche nach Inhalten und Informationen zu erleichtern, die mit seinen Zielen und Funktionen im Internet in Verbindung stehen. Diese werden von Dritten verwaltet und sind daher nicht in ihrem Besitz, und sie verf\u00fcgt auch nicht \u00fcber die Mittel, deren Inhalte zu \u00fcberpr\u00fcfen, und kann daher nicht f\u00fcr sie, die Funktionsweise der verlinkten Seite oder eventuelle Sch\u00e4den, die aus dem Zugang oder der Nutzung derselben entstehen k\u00f6nnen, verantwortlich gemacht werden.<\/p><p>Die Verlinkung von Webseiten oder E-Mail-Adressen mit dem Portal ist nur mit ausdr\u00fccklicher schriftlicher Genehmigung von SILVITRANSLATION gestattet. Dar\u00fcber hinaus m\u00fcssen solche Links die folgenden Bedingungen erf\u00fcllen:<\/p><p>(a) Links d\u00fcrfen nur auf die Homepage oder die Hauptseite dieser Website gesetzt werden;<\/p><p>(b) Die Einrichtung eines Links bedeutet keine Vereinbarung, keinen Vertrag, kein Sponsoring und keine Empfehlung seitens SILVITRANSLATION f\u00fcr die Seite, die den Link setzt.<\/p><p>SILVITRANSLATION kann die im vorstehenden Absatz genannte Genehmigung jederzeit ohne Angabe von Gr\u00fcnden zur\u00fcckziehen. In diesem Fall muss die Seite, die den Link gesetzt hat, diesen unverz\u00fcglich entfernen, sobald sie die Mitteilung \u00fcber den Widerruf der Genehmigung durch SILVITRANSLATION erh\u00e4lt.<\/p><p><strong>DATENSCHUTZPOLITIK<\/strong><\/p><p>F\u00fcr die Behandlung der \u00fcber das Portal www.silvitranslation.com gesammelten personenbezogenen Daten gelten die Bestimmungen des Gesetzes 15\/1999 vom 13. Dezember \u00fcber den Schutz personenbezogener Daten. SILVITRANSLATION ist f\u00fcr die Datei verantwortlich, die mit den von den Nutzern des Portals www.silvitranslation.com gelieferten personenbezogenen Daten erstellt wird, und verpflichtet sich zur Einhaltung der Geheimhaltungspflicht in Bezug auf personenbezogene Daten und der Pflicht, diese vertraulich zu behandeln. Zu diesem Zweck ergreift sie die erforderlichen Ma\u00dfnahmen, um ihre Ver\u00e4nderung, ihren Verlust, ihre unbefugte Verarbeitung oder ihren Zugang zu verhindern. SILVITRANSLATION beh\u00e4lt sich das Recht vor, die vorliegende Datenschutzpolitik zu \u00e4ndern, um sie an die jeweils geltenden Vorschriften anzupassen.<\/p><p>El usuario podr\u00e1 ejercitar en todo momento los derechos de acceso, rectificaci\u00f3n, cancelaci\u00f3n u oposici\u00f3n, dirigi\u00e9ndose a SILVITRANSLATION por correo electr\u00f3nico.<\/p><p><strong>ANWENDBARES RECHT UND GERICHTSSTAND<\/strong><\/p><p>Im Falle von Streitigkeiten oder Auslegungskonflikten in Bezug auf die Bestimmungen des vorliegenden rechtlichen Hinweises sowie in Bezug auf alle Fragen im Zusammenhang mit den Dienstleistungen dieses Portals ist das spanische Recht anwendbar.<\/p><p>SILVITRANSLATION und der Nutzer vereinbaren, sich zur Beilegung von Konflikten, die sich aus dem Besuch des Portals oder der Nutzung der dort angebotenen Dienstleistungen ergeben k\u00f6nnen, den Gerichten am Wohnsitz des Nutzers zu unterwerfen, sofern sich dieser auf spanischem Gebiet befindet.<\/p>\t\t\t\t\t\t\t\t<\/div>\n\t\t\t\t<\/div>\n\t\t\t\t\t<\/div>\n\t\t<\/div>\n\t\t\t\t\t<\/div>\n\t\t<\/section>\n\t\t\t\t<\/div>","protected":false},"excerpt":{"rendered":"<p>silvitranslation.com, es un dominio en Internet de la titularidad de SILVITRANSLATION,C.I.F: X6582511A tel\u00e9fono: (+34) 669 193 373 y e-mail: silvitranslationweb@gmail.com CONDICIONES GENERALES DE USO DEL PORTAL www.silvitranslation.com SILVITRANSLATION le informa que el acceso y uso de la p\u00e1gina Web www.silvitranslation.com y todos los subdominios y directorios incluidos bajo la misma (en adelante, conjuntamente denominados como [&hellip;]<\/p>\n","protected":false},"author":1,"featured_media":0,"parent":0,"menu_order":3,"comment_status":"closed","ping_status":"closed","template":"","meta":{"site-sidebar-layout":"default","site-content-layout":"","ast-site-content-layout":"default","site-content-style":"default","site-sidebar-style":"default","ast-global-header-display":"","ast-banner-title-visibility":"","ast-main-header-display":"","ast-hfb-above-header-display":"","ast-hfb-below-header-display":"","ast-hfb-mobile-header-display":"","site-post-title":"","ast-breadcrumbs-content":"","ast-featured-img":"","footer-sml-layout":"","ast-disable-related-posts":"","theme-transparent-header-meta":"","adv-header-id-meta":"","stick-header-meta":"","header-above-stick-meta":"","header-main-stick-meta":"","header-below-stick-meta":"","astra-migrate-meta-layouts":"set","ast-page-background-enabled":"default","ast-page-background-meta":{"desktop":{"background-color":"","background-image":"","background-repeat":"repeat","background-position":"center center","background-size":"auto","background-attachment":"scroll","background-type":"","background-media":"","overlay-type":"","overlay-color":"","overlay-opacity":"","overlay-gradient":""},"tablet":{"background-color":"","background-image":"","background-repeat":"repeat","background-position":"center center","background-size":"auto","background-attachment":"scroll","background-type":"","background-media":"","overlay-type":"","overlay-color":"","overlay-opacity":"","overlay-gradient":""},"mobile":{"background-color":"","background-image":"","background-repeat":"repeat","background-position":"center center","background-size":"auto","background-attachment":"scroll","background-type":"","background-media":"","overlay-type":"","overlay-color":"","overlay-opacity":"","overlay-gradient":""}},"ast-content-background-meta":{"desktop":{"background-color":"var(--ast-global-color-5)","background-image":"","background-repeat":"repeat","background-position":"center center","background-size":"auto","background-attachment":"scroll","background-type":"","background-media":"","overlay-type":"","overlay-color":"","overlay-opacity":"","overlay-gradient":""},"tablet":{"background-color":"var(--ast-global-color-5)","background-image":"","background-repeat":"repeat","background-position":"center center","background-size":"auto","background-attachment":"scroll","background-type":"","background-media":"","overlay-type":"","overlay-color":"","overlay-opacity":"","overlay-gradient":""},"mobile":{"background-color":"var(--ast-global-color-5)","background-image":"","background-repeat":"repeat","background-position":"center center","background-size":"auto","background-attachment":"scroll","background-type":"","background-media":"","overlay-type":"","overlay-color":"","overlay-opacity":"","overlay-gradient":""}},"footnotes":""},"class_list":["post-3139","page","type-page","status-publish","hentry"],"_links":{"self":[{"href":"https:\/\/silvitranslation.com\/de\/wp-json\/wp\/v2\/pages\/3139","targetHints":{"allow":["GET"]}}],"collection":[{"href":"https:\/\/silvitranslation.com\/de\/wp-json\/wp\/v2\/pages"}],"about":[{"href":"https:\/\/silvitranslation.com\/de\/wp-json\/wp\/v2\/types\/page"}],"author":[{"embeddable":true,"href":"https:\/\/silvitranslation.com\/de\/wp-json\/wp\/v2\/users\/1"}],"replies":[{"embeddable":true,"href":"https:\/\/silvitranslation.com\/de\/wp-json\/wp\/v2\/comments?post=3139"}],"version-history":[{"count":22,"href":"https:\/\/silvitranslation.com\/de\/wp-json\/wp\/v2\/pages\/3139\/revisions"}],"predecessor-version":[{"id":3764,"href":"https:\/\/silvitranslation.com\/de\/wp-json\/wp\/v2\/pages\/3139\/revisions\/3764"}],"wp:attachment":[{"href":"https:\/\/silvitranslation.com\/de\/wp-json\/wp\/v2\/media?parent=3139"}],"curies":[{"name":"wp","href":"https:\/\/api.w.org\/{rel}","templated":true}]}}